{"id":6886,"date":"2026-02-19T22:49:22","date_gmt":"2026-02-20T04:49:22","guid":{"rendered":"https:\/\/falsopositivo.org\/mx\/?page_id=6886"},"modified":"2026-03-14T13:58:27","modified_gmt":"2026-03-14T19:58:27","slug":"nosotros","status":"publish","type":"page","link":"https:\/\/vindikaio.org\/mx\/nosotros\/","title":{"rendered":"Nosotros"},"content":{"rendered":"\n<hr class=\"wp-block-separator has-alpha-channel-opacity\"\/>\n\n\n\n<h2 class=\"wp-block-heading\" id=\"quienes-somos\">Qui\u00e9nes somos<\/h2>\n\n\n\n<p>Somos una asociaci\u00f3n comprometida con la defensa de los derechos humanos, la justicia y la equidad. En <strong>Vindikaio<\/strong>, creemos que cada persona merece ser escuchada, respetada y protegida frente a la injusticia. Nuestra labor se centra en brindar apoyo legal, social y espiritual a quienes han sido vulnerados en sus derechos, promoviendo un entorno donde la verdad y la dignidad prevalezcan.<\/p>\n\n\n\n<hr class=\"wp-block-separator has-alpha-channel-opacity\"\/>\n\n\n\n<h2 class=\"wp-block-heading\" id=\"nuestra-mision\">Nuestra misi\u00f3n<\/h2>\n\n\n\n<p>Defender y acompa\u00f1ar a las personas que han sido injustamente se\u00f1aladas o privadas de sus derechos, ofreciendo herramientas jur\u00eddicas y apoyo integral, inspirados en principios \u00e9ticos, legales y espirituales que promuevan la justicia y la restauraci\u00f3n.<\/p>\n\n\n\n<hr class=\"wp-block-separator has-alpha-channel-opacity\"\/>\n\n\n\n<h2 class=\"wp-block-heading\" id=\"nuestra-vision\">Nuestra visi\u00f3n<\/h2>\n\n\n\n<p>Ser una organizaci\u00f3n referente en la defensa de derechos humanos y la promoci\u00f3n de la justicia, consolidando un modelo integral que combine la asistencia legal con la formaci\u00f3n \u00e9tica y espiritual, para construir una sociedad m\u00e1s justa, solidaria y consciente.<\/p>\n\n\n\n<hr class=\"wp-block-separator has-alpha-channel-opacity\"\/>\n\n\n\n<h2 class=\"wp-block-heading\" id=\"nuestros-valores\">Nuestros valores<\/h2>\n\n\n\n<ul class=\"wp-block-list\">\n<li><strong>Justicia:<\/strong> Actuar con equidad y rectitud en cada decisi\u00f3n.<\/li>\n\n\n\n<li><strong>Integridad:<\/strong> Mantener la coherencia entre lo que creemos y lo que hacemos.<\/li>\n\n\n\n<li><strong>Solidaridad:<\/strong> Acompa\u00f1ar a quienes m\u00e1s lo necesitan con empat\u00eda y compromiso.<\/li>\n\n\n\n<li><strong>Verdad:<\/strong> Defender la transparencia y la honestidad en todo proceso.<\/li>\n\n\n\n<li><strong>Esperanza:<\/strong> Inspirar confianza en que la justicia y la dignidad son posibles.<\/li>\n<\/ul>\n\n\n\n<hr class=\"wp-block-separator has-alpha-channel-opacity\"\/>\n\n\n\n<h2 class=\"wp-block-heading\" id=\"nuestro-compromiso\">Nuestro compromiso<\/h2>\n\n\n\n<p>En <strong>Vindikaio<\/strong>, no solo defendemos derechos: trabajamos para transformar vidas. Cada acci\u00f3n, cada caso y cada palabra est\u00e1n guiados por la convicci\u00f3n de que la justicia no es un ideal lejano, sino una realidad que podemos construir juntos. Nuestro compromiso es ser un faro de esperanza para quienes enfrentan la adversidad, promoviendo un mundo donde la verdad y la equidad prevalezcan.<\/p>\n","protected":false},"excerpt":{"rendered":"<p>Qui\u00e9nes somos Somos una asociaci\u00f3n comprometida con la defensa de los derechos humanos, la justicia y la equidad. En Vindikaio, creemos que cada persona merece ser escuchada, respetada y protegida frente a la injusticia. Nuestra labor se centra en brindar apoyo legal, social y espiritual a quienes han sido vulnerados en sus derechos, promoviendo un [&hellip;]<\/p>\n","protected":false},"author":2,"featured_media":7857,"parent":0,"menu_order":0,"comment_status":"closed","ping_status":"closed","template":"","meta":{"jetpack_post_was_ever_published":true,"footnotes":""},"class_list":["post-6886","page","type-page","status-publish","has-post-thumbnail","hentry"],"jetpack_sharing_enabled":true,"jetpack_shortlink":"https:\/\/wp.me\/Ph9XnC-1N4","_links":{"self":[{"href":"https:\/\/vindikaio.org\/mx\/wp-json\/wp\/v2\/pages\/6886","targetHints":{"allow":["GET"]}}],"collection":[{"href":"https:\/\/vindikaio.org\/mx\/wp-json\/wp\/v2\/pages"}],"about":[{"href":"https:\/\/vindikaio.org\/mx\/wp-json\/wp\/v2\/types\/page"}],"author":[{"embeddable":true,"href":"https:\/\/vindikaio.org\/mx\/wp-json\/wp\/v2\/users\/2"}],"replies":[{"embeddable":true,"href":"https:\/\/vindikaio.org\/mx\/wp-json\/wp\/v2\/comments?post=6886"}],"version-history":[{"count":0,"href":"https:\/\/vindikaio.org\/mx\/wp-json\/wp\/v2\/pages\/6886\/revisions"}],"wp:featuredmedia":[{"embeddable":true,"href":"https:\/\/vindikaio.org\/mx\/wp-json\/"}],"wp:attachment":[{"href":"https:\/\/vindikaio.org\/mx\/wp-json\/wp\/v2\/media?parent=6886"}],"curies":[{"name":"wp","href":"https:\/\/api.w.org\/{rel}","templated":true}]}}