{"id":7820,"date":"2026-02-19T22:49:22","date_gmt":"2026-02-20T04:49:22","guid":{"rendered":"https:\/\/vindikaio.org.mx\/?page_id=7820"},"modified":"2026-03-22T15:31:18","modified_gmt":"2026-03-22T21:31:18","slug":"casos","status":"publish","type":"page","link":"https:\/\/vindikaio.org\/mx\/casos\/","title":{"rendered":"Casos"},"content":{"rendered":"\n<hr class=\"wp-block-separator has-alpha-channel-opacity\"\/>\n\n\n\n<h2 class=\"wp-block-heading\" id=\"introduccion\">Introducci\u00f3n<\/h2>\n\n\n\n<p>En <strong>Vindikaio<\/strong>, creemos que cada caso representa una oportunidad para defender la justicia y restaurar la dignidad. Aqu\u00ed encontrar\u00e1s los casos en los que trabajamos, cada uno con una historia que merece ser escuchada y una verdad que debe prevalecer.<\/p>\n\n\n\n<hr class=\"wp-block-separator has-alpha-channel-opacity\"\/>\n\n\n\n<h2 class=\"wp-block-heading\" id=\"nuestras-causas\">Nuestros casos<\/h2>\n\n\n\n<p>A continuaci\u00f3n, te presentamos los casos activos en los que estamos trabajando. Haz clic en cada uno para conocer m\u00e1s detalles y descubrir c\u00f3mo puedes ayudar.<\/p>\n\n\n\n<figure class=\"wp-block-image size-large\"><a href=\"\/mx\/nino-colman\"><img loading=\"lazy\" decoding=\"async\" width=\"1024\" height=\"298\" src=\"\/wp-content\/uploads\/sites\/2\/portada-casos-nino-colman-1024x298.jpg\" alt=\"\" class=\"wp-image-8928\" srcset=\"\/wp-content\/uploads\/sites\/2\/portada-casos-nino-colman-1024x298.jpg 1024w, \/wp-content\/uploads\/sites\/2\/portada-casos-nino-colman-300x87.jpg 300w, \/wp-content\/uploads\/sites\/2\/portada-casos-nino-colman-768x224.jpg 768w, \/wp-content\/uploads\/sites\/2\/portada-casos-nino-colman-1320x384.jpg 1320w, \/wp-content\/uploads\/sites\/2\/portada-casos-nino-colman.jpg 1536w\" sizes=\"auto, (max-width: 1024px) 100vw, 1024px\" \/><\/a><\/figure>\n\n\n\n<h2 class=\"wp-block-heading\"><a href=\"https:\/\/vindikaio.org\/mx\/nino-colman\/\" data-type=\"post\" data-id=\"31\">Nino Colman<\/a><\/h2>\n\n\n\n<p>Acusado injustamente en un caso de secuestro, Nino lucha incansablemente para defender su inocencia y evidenciar las fallas del sistema judicial.<\/p>\n\n\n\n<div class=\"wp-block-buttons is-layout-flex wp-block-buttons-is-layout-flex\">\n<div class=\"wp-block-button\"><a class=\"wp-block-button__link wp-element-button\" href=\"https:\/\/vindikaio.org\/mx\/nino-colman\/\">Saber m\u00e1s del caso<\/a><\/div>\n<\/div>\n\n\n\n<h3 class=\"wp-block-heading\">Pr\u00f3ximo caso<\/h3>\n\n\n\n<p>Estamos trabajando en nuevos casos que pronto compartiremos contigo. Mantente atento para conocer m\u00e1s historias que necesitan justicia.<\/p>\n","protected":false},"excerpt":{"rendered":"<p>Introducci\u00f3n En Vindikaio, creemos que cada caso representa una oportunidad para defender la justicia y restaurar la dignidad. Aqu\u00ed encontrar\u00e1s los casos en los que trabajamos, cada uno con una historia que merece ser escuchada y una verdad que debe prevalecer. Nuestros casos A continuaci\u00f3n, te presentamos los casos activos en los que estamos trabajando. [&hellip;]<\/p>\n","protected":false},"author":2,"featured_media":0,"parent":0,"menu_order":0,"comment_status":"closed","ping_status":"closed","template":"","meta":{"jetpack_post_was_ever_published":false,"footnotes":""},"class_list":["post-7820","page","type-page","status-publish","hentry"],"jetpack_sharing_enabled":true,"jetpack_shortlink":"https:\/\/wp.me\/Ph9XnC-228","_links":{"self":[{"href":"https:\/\/vindikaio.org\/mx\/wp-json\/wp\/v2\/pages\/7820","targetHints":{"allow":["GET"]}}],"collection":[{"href":"https:\/\/vindikaio.org\/mx\/wp-json\/wp\/v2\/pages"}],"about":[{"href":"https:\/\/vindikaio.org\/mx\/wp-json\/wp\/v2\/types\/page"}],"author":[{"embeddable":true,"href":"https:\/\/vindikaio.org\/mx\/wp-json\/wp\/v2\/users\/2"}],"replies":[{"embeddable":true,"href":"https:\/\/vindikaio.org\/mx\/wp-json\/wp\/v2\/comments?post=7820"}],"version-history":[{"count":0,"href":"https:\/\/vindikaio.org\/mx\/wp-json\/wp\/v2\/pages\/7820\/revisions"}],"wp:attachment":[{"href":"https:\/\/vindikaio.org\/mx\/wp-json\/wp\/v2\/media?parent=7820"}],"curies":[{"name":"wp","href":"https:\/\/api.w.org\/{rel}","templated":true}]}}