{"id":80,"date":"2026-02-19T22:49:22","date_gmt":"2026-02-20T04:49:22","guid":{"rendered":"http:\/\/falsopositivo.org\/?page_id=18"},"modified":"2026-03-14T14:41:24","modified_gmt":"2026-03-14T20:41:24","slug":"contacto","status":"publish","type":"page","link":"https:\/\/vindikaio.org\/mx\/contacto\/","title":{"rendered":"Contacto"},"content":{"rendered":"\n<p>Para comunicaciones generales relacionadas con Vindikaio M\u00e9xico, ponemos a tu disposici\u00f3n nuestros canales de contacto.<\/p>\n\n\n\n<h2 class=\"wp-block-heading\">\u00bfEn qu\u00e9 podemos ayudarte?<\/h2>\n\n\n\n<p>Puedes escribirnos para:<\/p>\n\n\n\n<ul class=\"wp-block-list\">\n<li>Consultas generales sobre el proyecto Vindikaio.<\/li>\n\n\n\n<li>Informaci\u00f3n institucional.<\/li>\n\n\n\n<li>Solicitudes relacionadas con contenido o accesibilidad del portal.<\/li>\n<\/ul>\n\n\n\n<h2 class=\"wp-block-heading\">Notas importantes<\/h2>\n\n\n\n<ul class=\"wp-block-list\">\n<li>Este portal no recibe solicitudes jur\u00eddicas ni casos particulares.<\/li>\n\n\n\n<li>Los mensajes enviados al correo institucional se gestionan exclusivamente con fines informativos y de comunicaci\u00f3n general.<\/li>\n<\/ul>\n\n\n\n<section class=\"wp-block-group has-global-padding is-layout-constrained wp-block-group-is-layout-constrained\" style=\"padding-top:var(--wp--preset--spacing--50);padding-bottom:var(--wp--preset--spacing--50)\">\n<h3 class=\"wp-block-heading has-text-align-center\" id=\"contacto-form\">\n    <span aria-hidden=\"true\" style=\"font-size:1.35em;margin-right:.35em\">\ud83d\udce9<\/span>\n    \u00bfQuieres ayudarnos a mejorar?\n  <\/h3>\n\n\n\n<p class=\"has-text-align-center\">Si algo falla o quieres sugerirnos algo, escr\u00edbenos a <strong><a href=\"mailto:contacto@vindikaio.org.mx\">contacto@vindikaio.org.mx<\/a> <\/strong>o cu\u00e9ntanoslo aqu\u00ed en el formulario. Leemos cada mensaje y lo usamos para fortalecer nuestro trabajo.<\/p>\n\n\n<style id=\"wpforms-css-vars-8623-block-9bf88461-0989-4616-99b4-aeb6df480a53\">\n\t\t\t\t#wpforms-8623.wpforms-block-9bf88461-0989-4616-99b4-aeb6df480a53 {\n\t\t\t\t--wpforms-field-size-input-height: 43px;\n--wpforms-field-size-input-spacing: 15px;\n--wpforms-field-size-font-size: 16px;\n--wpforms-field-size-line-height: 19px;\n--wpforms-field-size-padding-h: 14px;\n--wpforms-field-size-checkbox-size: 16px;\n--wpforms-field-size-sublabel-spacing: 5px;\n--wpforms-field-size-icon-size: 1;\n--wpforms-label-size-font-size: 16px;\n--wpforms-label-size-line-height: 19px;\n--wpforms-label-size-sublabel-font-size: 14px;\n--wpforms-label-size-sublabel-line-height: 17px;\n--wpforms-button-size-font-size: 17px;\n--wpforms-button-size-height: 41px;\n--wpforms-button-size-padding-h: 15px;\n--wpforms-button-size-margin-top: 10px;\n\t\t\t}\n\t\t\t<\/style><div class=\"wpforms-container wpforms-container-full wpforms-block wpforms-block-9bf88461-0989-4616-99b4-aeb6df480a53 wpforms-render-modern\" id=\"wpforms-8623\"><form id=\"wpforms-form-8623\" class=\"wpforms-validate wpforms-form\" data-formid=\"8623\" method=\"post\" enctype=\"multipart\/form-data\" action=\"\/mx\/wp-json\/wp\/v2\/pages\/80\" data-token=\"8bee3b39cca885b7502768d17e1e79a0\" data-token-time=\"1775694334\"><noscript class=\"wpforms-error-noscript\">Por favor, activa JavaScript en tu navegador para completar este formulario.<\/noscript><div id=\"wpforms-error-noscript\" style=\"display: none;\">Por favor, activa JavaScript en tu navegador para completar este formulario.<\/div><div class=\"wpforms-field-container\"><div id=\"wpforms-8623-field_0-container\" class=\"wpforms-field wpforms-field-name wpforms-one-half wpforms-first\" data-field-id=\"0\"><label class=\"wpforms-field-label wpforms-label-hide\" for=\"wpforms-8623-field_0\" aria-hidden=\"false\">Nombre <span class=\"wpforms-required-label\" aria-hidden=\"true\">*<\/span><\/label><input type=\"text\" id=\"wpforms-8623-field_0\" class=\"wpforms-field-large wpforms-field-required\" name=\"wpforms[fields][0]\" placeholder=\"Su nombre\" aria-errormessage=\"wpforms-8623-field_0-error\" required><\/div><div id=\"wpforms-8623-field_3-container\" class=\"wpforms-field wpforms-field-email wpforms-one-half\" data-field-id=\"3\"><label class=\"wpforms-field-label wpforms-label-hide\" for=\"wpforms-8623-field_3\" aria-hidden=\"false\">Email <span class=\"wpforms-required-label\" aria-hidden=\"true\">*<\/span><\/label><input type=\"email\" id=\"wpforms-8623-field_3\" class=\"wpforms-field-large wpforms-field-required\" name=\"wpforms[fields][3]\" placeholder=\"Su email\" spellcheck=\"false\" aria-errormessage=\"wpforms-8623-field_3-error\" required><\/div><div id=\"wpforms-8623-field_4-container\" class=\"wpforms-field wpforms-field-text\" data-field-id=\"4\"><label class=\"wpforms-field-label wpforms-label-hide\" for=\"wpforms-8623-field_4\" aria-hidden=\"false\">Tel\u00e9fono<\/label><input type=\"text\" id=\"wpforms-8623-field_4\" class=\"wpforms-field-large wpforms-limit-characters-enabled\" data-form-id=\"8623\" data-field-id=\"4\" data-text-limit=\"10\" name=\"wpforms[fields][4]\" placeholder=\"Su tel\u00e9fono\" aria-errormessage=\"wpforms-8623-field_4-error\" maxlength=\"10\" ><\/div><div id=\"wpforms-8623-field_2-container\" class=\"wpforms-field wpforms-field-textarea\" data-field-id=\"2\"><label class=\"wpforms-field-label wpforms-label-hide\" for=\"wpforms-8623-field_2\" aria-hidden=\"false\">Mensaje <span class=\"wpforms-required-label\" aria-hidden=\"true\">*<\/span><\/label><textarea id=\"wpforms-8623-field_2\" class=\"wpforms-field-medium wpforms-field-required\" name=\"wpforms[fields][2]\" placeholder=\"Su mensaje\" aria-errormessage=\"wpforms-8623-field_2-error\" required><\/textarea><\/div><\/div><!-- .wpforms-field-container --><div class=\"wpforms-field wpforms-field-hp\"><label for=\"wpforms-8623-field-hp\" class=\"wpforms-field-label\">Email<\/label><input type=\"text\" name=\"wpforms[hp]\" id=\"wpforms-8623-field-hp\" class=\"wpforms-field-medium\"><\/div><div class=\"wpforms-recaptcha-container wpforms-is-recaptcha wpforms-is-recaptcha-type-v3\" ><input type=\"hidden\" name=\"wpforms[recaptcha]\" value=\"\"><\/div><div class=\"wpforms-submit-container\" ><input type=\"hidden\" name=\"wpforms[id]\" value=\"8623\"><input type=\"hidden\" name=\"page_title\" value=\"\"><input type=\"hidden\" name=\"page_url\" value=\"https:\/\/vindikaio.org\/mx\/wp-json\/wp\/v2\/pages\/80\"><input type=\"hidden\" name=\"url_referer\" value=\"\"><button type=\"submit\" name=\"wpforms[submit]\" id=\"wpforms-submit-8623\" class=\"wpforms-submit\" data-alt-text=\"Enviando...\" data-submit-text=\"Enviar mensaje\" aria-live=\"assertive\" value=\"wpforms-submit\">Enviar mensaje<\/button><\/div><\/form><\/div>  <!-- .wpforms-container --><\/section>\n\n\n\n<div class=\"wp-block-group alignwide is-layout-flow wp-block-group-is-layout-flow\" style=\"padding-top:var(--wp--preset--spacing--30)\">\n<p class=\"has-text-align-center has-small-font-size\">\n    Al enviar este formulario, aceptas nuestra\n    <a href=\"\/mx\/privacidad\" target=\"_blank\" rel=\"noopener noreferrer\">pol\u00edtica de privacidad<\/a>.\n  <\/p>\n<\/div>\n\n\n","protected":false},"excerpt":{"rendered":"<p>Para comunicaciones generales relacionadas con Vindikaio M\u00e9xico, ponemos a tu disposici\u00f3n nuestros canales de contacto. \u00bfEn qu\u00e9 podemos ayudarte? Puedes escribirnos para: Notas importantes \ud83d\udce9 \u00bfQuieres ayudarnos a mejorar? Si algo falla o quieres sugerirnos algo, escr\u00edbenos a contacto@vindikaio.org.mx o cu\u00e9ntanoslo aqu\u00ed en el formulario. Leemos cada mensaje y lo usamos para fortalecer nuestro trabajo. [&hellip;]<\/p>\n","protected":false},"author":2,"featured_media":8189,"parent":0,"menu_order":0,"comment_status":"closed","ping_status":"closed","template":"","meta":{"jetpack_post_was_ever_published":true,"footnotes":""},"class_list":["post-80","page","type-page","status-publish","has-post-thumbnail","hentry"],"jetpack_sharing_enabled":true,"jetpack_shortlink":"https:\/\/wp.me\/Ph9XnC-1i","_links":{"self":[{"href":"https:\/\/vindikaio.org\/mx\/wp-json\/wp\/v2\/pages\/80","targetHints":{"allow":["GET"]}}],"collection":[{"href":"https:\/\/vindikaio.org\/mx\/wp-json\/wp\/v2\/pages"}],"about":[{"href":"https:\/\/vindikaio.org\/mx\/wp-json\/wp\/v2\/types\/page"}],"author":[{"embeddable":true,"href":"https:\/\/vindikaio.org\/mx\/wp-json\/wp\/v2\/users\/2"}],"replies":[{"embeddable":true,"href":"https:\/\/vindikaio.org\/mx\/wp-json\/wp\/v2\/comments?post=80"}],"version-history":[{"count":0,"href":"https:\/\/vindikaio.org\/mx\/wp-json\/wp\/v2\/pages\/80\/revisions"}],"wp:featuredmedia":[{"embeddable":true,"href":"https:\/\/vindikaio.org\/mx\/wp-json\/wp\/v2\/global-styles\/8189"}],"wp:attachment":[{"href":"https:\/\/vindikaio.org\/mx\/wp-json\/wp\/v2\/media?parent=80"}],"curies":[{"name":"wp","href":"https:\/\/api.w.org\/{rel}","templated":true}]}}